{"id":28,"date":"2024-07-04T17:57:34","date_gmt":"2024-07-04T17:57:34","guid":{"rendered":"https:\/\/agentur-stibor.at\/?page_id=28"},"modified":"2026-01-18T22:49:48","modified_gmt":"2026-01-18T22:49:48","slug":"kontakt","status":"publish","type":"page","link":"https:\/\/agentur-stibor.at\/index.php\/kontakt\/","title":{"rendered":"KONTAKT"},"content":{"rendered":"<div  id=\"text\" class=\"cta-centered-section-grid content-section content-section-spacing-medium bg-color1 white-text content-relative\" style=\"background-image: none; background-color: #e3e3e3;\" data-label=\"Text\" data-id=\"cta--1\" data-export-id=\"cta-centered-section-grid\" data-category=\"cta\">\n<div  class=\"section-separator-top\"><\/div>\n<div  class=\"\">\n<div  class=\"row text-center\">\n<div  class=\"col-xs-12 col-sm-10 col-sm-offset-1 col-md-8 col-md-offset-2\" data-type=\"column\">\n<p  class=\"\"><span  style=\"color: #6b7f93;\">SCH\u00d6N DASS SIE HIER SIND!<\/span>\n<span  style=\"color: #6b7f93;\">\nMICH BEGEISTERT DIE ZUSAMMENARBEIT MIT PROFESSIONELLEN FACHH\u00c4NDLERN UND WIR VERFOLGEN KONSEQUENT EIN GEMEINSAMES ZIEL: GEMEINSAM ERFOLGREICH! MIR IST ES WICHTIG, MEINE KUNDEN MIT BESTEN PRODUKTEN ZU UNTERST\u00dcTZEN UND DEREN VERKAUFSERFOLG ZU GARANTIEREN. MEIN SERVICE IST EINE RASCHE, KOMPETENTE UND SERI\u00d6SE ABWICKLUNG ZWISCHEN H\u00c4NDLER UND HERSTELLER. SOLLTEN SIE FRAGEN HABEN, Z\u00d6GERN SIE BITTE NICHT MICH ZU KONTAKTIEREN. ICH FREUE MICH AUF IHRE ANFRAGE.<\/span>\n<span  style=\"color: #000000;\">\nMICHAEL STIBOR<\/span><\/p>\n\n<\/div>\n<\/div>\n<\/div>\n<\/div><div  id=\"adressen\" class=\"features-ov-4-mc content-section content-section-spacing\" style=\"background-color: #ffffff; background-image: none;\" data-label=\"Adressen\" data-id=\"features--1\" data-export-id=\"features-ov-4-mc\" data-category=\"features\">\n<div  class=\"gridContainer\">\n<div  class=\"row spaced-cols text-center content-left-sm\" data-type=\"row\">\n<div  class=\"col-xs-12 col-sm-4 col-padding col-md-6 \">\n<div  class=\"\" data-type=\"column\">\n<p  class=\"\">MICHAEL STIBOR<br >\nAM PICHL 46C<br >\n8605 KAPFENBERG<br >\nAUSTRIA<\/p>\n\n\n<p  class=\"\">Tel.: <a  data-mce-href=\"tel:+43 650 820 18 06\" href=\"tel:+43 650 820 18 06\" target=\"_self\" data-mce-selected=\"inline-boundary\" data-cp-link=\"1\">+43 650 820 18 06<\/a><br >\nFax: +43 316 2311233300\n<br >E-Mail: <a  data-mce-href=\"mailto:m.stibor@me.com\" href=\"mailto:m.stibor@me.com\" target=\"_self\" data-mce-selected=\"inline-boundary\" data-cp-link=\"1\">m.stibor@me.com<\/a><\/p><\/div>\n<\/div>\n<div  class=\"col-xs-12 col-sm-4 col-padding col-md-6 \">\n<div  class=\"\" data-type=\"column\">\n<p  class=\"\">LYDIA STIBOR<br >\nAM PICHL 46C<br >\n8605 KAPFENBERG<br >\nAUSTRIA<\/p>\n\n\n<p  class=\"\">Tel.: <a  data-mce-href=\"tel:+43%20650 820 18 06\" href=\"tel:+43%20650 820 18 06\" target=\"_self\" data-mce-selected=\"inline-boundary\" data-cp-link=\"1\">+43 650 820 18 06<\/a><br >\nFax: +43 316 2311233300\n<br >E-Mail_ <a  data-mce-href=\"mailto:l.stibor@icloud.com\" href=\"mailto:l.stibor@icloud.com\" target=\"_self\" data-mce-selected=\"inline-boundary\" data-cp-link=\"1\">l.stibor@icloud.com<\/a><\/p><\/div>\n<\/div>\n<\/div>\n<\/div>\n<\/div><div  id=\"googlemaps\" class=\"contact-4 content-section\" style=\"background-color: #ffffff;\" data-label=\"GoogleMaps\" data-id=\"contact--1\" data-export-id=\"contact-4\" data-category=\"contact\">\n<div  class=\"\">\n<div  class=\"row\">\n<div  class=\"col-xs-12 no-gutter-col\">\n<div  class=\"\" data-content-shortcode=\"mesmerize_maps address=&quot;AM PICHL 46C 8605 KAPFENBERG AUSTRIA&quot; zoom=&quot;65&quot;\" data-editable=\"true\">        <div class=\"mesmerize-google-maps\" style=\"width:100%\">\n            <iframe style=\"width:100%; height:100%;min-height:inherit;display:block;\" src=\"https:\/\/maps.google.com\/maps?q=AM%20PICHL%2046C%208605%20KAPFENBERG%20AUSTRIA&#038;z=14&#038;output=embed&#038;iwloc=near\"><\/iframe>\n        <\/div>\n    <\/div>\n<\/div>\n<\/div>\n<\/div>\n<\/div>","protected":false},"excerpt":{"rendered":"<p>SCH\u00d6N DASS SIE HIER SIND! MICH BEGEISTERT DIE ZUSAMMENARBEIT MIT PROFESSIONELLEN FACHH\u00c4NDLERN UND WIR VERFOLGEN KONSEQUENT EIN GEMEINSAMES ZIEL: GEMEINSAM ERFOLGREICH! MIR IST ES WICHTIG, MEINE KUNDEN MIT BESTEN PRODUKTEN ZU UNTERST\u00dcTZEN UND DEREN VERKAUFSERFOLG ZU GARANTIEREN. MEIN SERVICE IST EINE RASCHE, KOMPETENTE UND SERI\u00d6SE ABWICKLUNG ZWISCHEN H\u00c4NDLER UND HERSTELLER. SOLLTEN SIE FRAGEN HABEN, Z\u00d6GERN&hellip; <br \/> <a class=\"read-more\" href=\"https:\/\/agentur-stibor.at\/index.php\/kontakt\/\">Weiterlesen<\/a><\/p>\n","protected":false},"author":1,"featured_media":0,"parent":0,"menu_order":0,"comment_status":"closed","ping_status":"closed","template":"pro\/page-templates\/full-width-page.php","meta":{"footnotes":""},"class_list":["post-28","page","type-page","status-publish","hentry"],"yoast_head":"<!-- This site is optimized with the Yoast SEO plugin v23.3 - https:\/\/yoast.com\/wordpress\/plugins\/seo\/ -->\n<title>KONTAKT - Handelsagentur Stibor<\/title>\n<meta name=\"robots\" content=\"index, follow, max-snippet:-1, max-image-preview:large, max-video-preview:-1\" \/>\n<link rel=\"canonical\" href=\"https:\/\/agentur-stibor.at\/index.php\/kontakt\/\" \/>\n<meta property=\"og:locale\" content=\"de_DE\" \/>\n<meta property=\"og:type\" content=\"article\" \/>\n<meta property=\"og:title\" content=\"KONTAKT - Handelsagentur Stibor\" \/>\n<meta property=\"og:description\" content=\"SCH\u00d6N DASS SIE HIER SIND! MICH BEGEISTERT DIE ZUSAMMENARBEIT MIT PROFESSIONELLEN FACHH\u00c4NDLERN UND WIR VERFOLGEN KONSEQUENT EIN GEMEINSAMES ZIEL: GEMEINSAM ERFOLGREICH! MIR IST ES WICHTIG, MEINE KUNDEN MIT BESTEN PRODUKTEN ZU UNTERST\u00dcTZEN UND DEREN VERKAUFSERFOLG ZU GARANTIEREN. MEIN SERVICE IST EINE RASCHE, KOMPETENTE UND SERI\u00d6SE ABWICKLUNG ZWISCHEN H\u00c4NDLER UND HERSTELLER. SOLLTEN SIE FRAGEN HABEN, Z\u00d6GERN&hellip; Weiterlesen\" \/>\n<meta property=\"og:url\" content=\"https:\/\/agentur-stibor.at\/index.php\/kontakt\/\" \/>\n<meta property=\"og:site_name\" content=\"Handelsagentur Stibor\" \/>\n<meta property=\"article:modified_time\" content=\"2026-01-18T22:49:48+00:00\" \/>\n<meta name=\"twitter:card\" content=\"summary_large_image\" \/>\n<meta name=\"twitter:label1\" content=\"Gesch\u00e4tzte Lesezeit\" \/>\n\t<meta name=\"twitter:data1\" content=\"1\u00a0Minute\" \/>\n<script type=\"application\/ld+json\" class=\"yoast-schema-graph\">{\"@context\":\"https:\/\/schema.org\",\"@graph\":[{\"@type\":\"WebPage\",\"@id\":\"https:\/\/agentur-stibor.at\/index.php\/kontakt\/\",\"url\":\"https:\/\/agentur-stibor.at\/index.php\/kontakt\/\",\"name\":\"KONTAKT - Handelsagentur Stibor\",\"isPartOf\":{\"@id\":\"https:\/\/agentur-stibor.at\/#website\"},\"datePublished\":\"2024-07-04T17:57:34+00:00\",\"dateModified\":\"2026-01-18T22:49:48+00:00\",\"breadcrumb\":{\"@id\":\"https:\/\/agentur-stibor.at\/index.php\/kontakt\/#breadcrumb\"},\"inLanguage\":\"de\",\"potentialAction\":[{\"@type\":\"ReadAction\",\"target\":[\"https:\/\/agentur-stibor.at\/index.php\/kontakt\/\"]}]},{\"@type\":\"BreadcrumbList\",\"@id\":\"https:\/\/agentur-stibor.at\/index.php\/kontakt\/#breadcrumb\",\"itemListElement\":[{\"@type\":\"ListItem\",\"position\":1,\"name\":\"Startseite\",\"item\":\"https:\/\/agentur-stibor.at\/\"},{\"@type\":\"ListItem\",\"position\":2,\"name\":\"KONTAKT\"}]},{\"@type\":\"WebSite\",\"@id\":\"https:\/\/agentur-stibor.at\/#website\",\"url\":\"https:\/\/agentur-stibor.at\/\",\"name\":\"Handelsagentur Stibor\",\"description\":\"\",\"publisher\":{\"@id\":\"https:\/\/agentur-stibor.at\/#organization\"},\"potentialAction\":[{\"@type\":\"SearchAction\",\"target\":{\"@type\":\"EntryPoint\",\"urlTemplate\":\"https:\/\/agentur-stibor.at\/?s={search_term_string}\"},\"query-input\":\"required name=search_term_string\"}],\"inLanguage\":\"de\"},{\"@type\":\"Organization\",\"@id\":\"https:\/\/agentur-stibor.at\/#organization\",\"name\":\"Handelsagentur Stibor\",\"url\":\"https:\/\/agentur-stibor.at\/\",\"logo\":{\"@type\":\"ImageObject\",\"inLanguage\":\"de\",\"@id\":\"https:\/\/agentur-stibor.at\/#\/schema\/logo\/image\/\",\"url\":\"https:\/\/agentur-stibor.at\/wp-content\/uploads\/2026\/01\/cropped-MS_Logo_klein.png\",\"contentUrl\":\"https:\/\/agentur-stibor.at\/wp-content\/uploads\/2026\/01\/cropped-MS_Logo_klein.png\",\"width\":218,\"height\":158,\"caption\":\"Handelsagentur Stibor\"},\"image\":{\"@id\":\"https:\/\/agentur-stibor.at\/#\/schema\/logo\/image\/\"}}]}<\/script>\n<!-- \/ Yoast SEO plugin. -->","yoast_head_json":{"title":"KONTAKT - Handelsagentur Stibor","robots":{"index":"index","follow":"follow","max-snippet":"max-snippet:-1","max-image-preview":"max-image-preview:large","max-video-preview":"max-video-preview:-1"},"canonical":"https:\/\/agentur-stibor.at\/index.php\/kontakt\/","og_locale":"de_DE","og_type":"article","og_title":"KONTAKT - Handelsagentur Stibor","og_description":"SCH\u00d6N DASS SIE HIER SIND! MICH BEGEISTERT DIE ZUSAMMENARBEIT MIT PROFESSIONELLEN FACHH\u00c4NDLERN UND WIR VERFOLGEN KONSEQUENT EIN GEMEINSAMES ZIEL: GEMEINSAM ERFOLGREICH! MIR IST ES WICHTIG, MEINE KUNDEN MIT BESTEN PRODUKTEN ZU UNTERST\u00dcTZEN UND DEREN VERKAUFSERFOLG ZU GARANTIEREN. MEIN SERVICE IST EINE RASCHE, KOMPETENTE UND SERI\u00d6SE ABWICKLUNG ZWISCHEN H\u00c4NDLER UND HERSTELLER. SOLLTEN SIE FRAGEN HABEN, Z\u00d6GERN&hellip; Weiterlesen","og_url":"https:\/\/agentur-stibor.at\/index.php\/kontakt\/","og_site_name":"Handelsagentur Stibor","article_modified_time":"2026-01-18T22:49:48+00:00","twitter_card":"summary_large_image","twitter_misc":{"Gesch\u00e4tzte Lesezeit":"1\u00a0Minute"},"schema":{"@context":"https:\/\/schema.org","@graph":[{"@type":"WebPage","@id":"https:\/\/agentur-stibor.at\/index.php\/kontakt\/","url":"https:\/\/agentur-stibor.at\/index.php\/kontakt\/","name":"KONTAKT - Handelsagentur Stibor","isPartOf":{"@id":"https:\/\/agentur-stibor.at\/#website"},"datePublished":"2024-07-04T17:57:34+00:00","dateModified":"2026-01-18T22:49:48+00:00","breadcrumb":{"@id":"https:\/\/agentur-stibor.at\/index.php\/kontakt\/#breadcrumb"},"inLanguage":"de","potentialAction":[{"@type":"ReadAction","target":["https:\/\/agentur-stibor.at\/index.php\/kontakt\/"]}]},{"@type":"BreadcrumbList","@id":"https:\/\/agentur-stibor.at\/index.php\/kontakt\/#breadcrumb","itemListElement":[{"@type":"ListItem","position":1,"name":"Startseite","item":"https:\/\/agentur-stibor.at\/"},{"@type":"ListItem","position":2,"name":"KONTAKT"}]},{"@type":"WebSite","@id":"https:\/\/agentur-stibor.at\/#website","url":"https:\/\/agentur-stibor.at\/","name":"Handelsagentur Stibor","description":"","publisher":{"@id":"https:\/\/agentur-stibor.at\/#organization"},"potentialAction":[{"@type":"SearchAction","target":{"@type":"EntryPoint","urlTemplate":"https:\/\/agentur-stibor.at\/?s={search_term_string}"},"query-input":"required name=search_term_string"}],"inLanguage":"de"},{"@type":"Organization","@id":"https:\/\/agentur-stibor.at\/#organization","name":"Handelsagentur Stibor","url":"https:\/\/agentur-stibor.at\/","logo":{"@type":"ImageObject","inLanguage":"de","@id":"https:\/\/agentur-stibor.at\/#\/schema\/logo\/image\/","url":"https:\/\/agentur-stibor.at\/wp-content\/uploads\/2026\/01\/cropped-MS_Logo_klein.png","contentUrl":"https:\/\/agentur-stibor.at\/wp-content\/uploads\/2026\/01\/cropped-MS_Logo_klein.png","width":218,"height":158,"caption":"Handelsagentur Stibor"},"image":{"@id":"https:\/\/agentur-stibor.at\/#\/schema\/logo\/image\/"}}]}},"_links":{"self":[{"href":"https:\/\/agentur-stibor.at\/index.php\/wp-json\/wp\/v2\/pages\/28","targetHints":{"allow":["GET"]}}],"collection":[{"href":"https:\/\/agentur-stibor.at\/index.php\/wp-json\/wp\/v2\/pages"}],"about":[{"href":"https:\/\/agentur-stibor.at\/index.php\/wp-json\/wp\/v2\/types\/page"}],"author":[{"embeddable":true,"href":"https:\/\/agentur-stibor.at\/index.php\/wp-json\/wp\/v2\/users\/1"}],"replies":[{"embeddable":true,"href":"https:\/\/agentur-stibor.at\/index.php\/wp-json\/wp\/v2\/comments?post=28"}],"version-history":[{"count":47,"href":"https:\/\/agentur-stibor.at\/index.php\/wp-json\/wp\/v2\/pages\/28\/revisions"}],"predecessor-version":[{"id":2080,"href":"https:\/\/agentur-stibor.at\/index.php\/wp-json\/wp\/v2\/pages\/28\/revisions\/2080"}],"wp:attachment":[{"href":"https:\/\/agentur-stibor.at\/index.php\/wp-json\/wp\/v2\/media?parent=28"}],"curies":[{"name":"wp","href":"https:\/\/api.w.org\/{rel}","templated":true}]}}