{"id":31,"date":"2024-07-04T17:59:56","date_gmt":"2024-07-04T17:59:56","guid":{"rendered":"https:\/\/agentur-stibor.at\/?page_id=31"},"modified":"2024-08-06T12:57:56","modified_gmt":"2024-08-06T12:57:56","slug":"impressum","status":"publish","type":"page","link":"https:\/\/agentur-stibor.at\/index.php\/impressum\/","title":{"rendered":"IMPRESSUM"},"content":{"rendered":"<div  data-label=\"Impressum\" data-id=\"features--1\" data-export-id=\"features-6\" data-category=\"features\" class=\"features-6 content-section-spacing\" id=\"impressum\" style=\"background-color: rgb(255, 255, 255);\"><div  class=\"gridContainer\">  <div  data-type=\"row\" class=\"row space-bottom\"> <div  class=\"col-xs-12 col-sm-4 col-padding-small-xs col-md-12 \"> <div  class=\"row\"> <div  class=\"col-xs-fit\" data-preview-empty=\"1\"> <\/div> <div  class=\"col-xs left-text\" data-type=\"column\"><h4  class=\"color2\"><span  style=\"color: rgb(52, 58, 64);\">F\u00dcR DEN INHALT VERANTWORTLICH:<\/span><\/h4> <p  class=\"\">MICHAEL STIBOR<br >\nHANDELSAGENTUR<br >\nAM PICHL 46C<br >\n8605 KAPFENBERG<br >\nAUSTRIA\n<br >\n<br >Tel.: <a data-mce-href=\"tel:%20+43 664 5158473\" href=\"tel:%20+43 664 5158473\" target=\"_self\" data-mce-selected=\"inline-boundary\" rel=\"noopener\" data-cp-link=\"1\">+43 664 5158473<\/a><br >\nFax: +43 316 2311233300<br >\nE-Mail: <a data-mce-href=\"mailto:%20m.stibor@me.com\" href=\"mailto:%20m.stibor@me.com\" target=\"_self\" data-mce-selected=\"inline-boundary\" rel=\"noopener\" data-cp-link=\"1\">m.stibor@me.com<\/a>\n<br >\n<br >ATU74353709<\/p><\/div> <\/div><\/div>   <\/div> <div  class=\"row\"> <div  data-type=\"column\" class=\"col-xs-12 text-center\"> <\/div> <\/div><\/div> <\/div><div  data-label=\"Text\" data-id=\"cta--1\" data-export-id=\"cta-centered-section-grid\" data-category=\"cta\" class=\"cta-centered-section-grid content-section content-section-spacing-medium bg-color1 white-text content-relative\" id=\"text\" style=\"background-image: none; background-color: rgb(227, 227, 227);\"><div  class=\"section-separator-top\">\n    <svg  xmlns=\"http:\/\/www.w3.org\/2000\/svg\" viewBox=\"0 0 1000 20\" preserveAspectRatio=\"none\" data-separator-name=\"split\" class=\"section-separator-top\">\n\t<path  class=\"svg-white-bg\" d=\"M0,0v3c0,0,393.8,0,483.4,0c9.2,0,16.6,7.4,16.6,16.6c0-9.1,7.4-16.6,16.6-16.6C606.2,3,1000,3,1000,3V0H0z\"><\/path>\n<\/svg>\n<\/div><div  class=\"\"> <div  class=\"row text-center\"><div  class=\"col-xs-12 col-sm-10 col-sm-offset-1 col-md-8 col-md-offset-2\" data-type=\"column\">  <p  class=\"\"><span  style=\"color: rgb(107, 124, 147);\">DER INHALT DIESER SEITEN DIENT NUR DER ALLGEMEINEN INFORMATION. ICH BEM\u00dcHE MICH, AUF MEINEM INTERNET-AUFTRITT RICHTIGE UND VOLLST\u00c4NDIGE INFORMATIONEN ZUR VERF\u00dcGUNG ZU STELLEN. ICH \u00dcBERNEHME KEINE HAFTUNG F\u00dcR HANDLUNGEN, DIE AUF GRUNDLAGE DER AUF DIESEN SEITEN ENTHALTENEN INFORMATIONSMATERIALIEN UNTERNOMMEN WERDEN. ICH \u00dcBERNEHME AUCH KEINE GARANTIE ODER GEW\u00c4HR F\u00dcR DIE AKTUALIT\u00c4T, RICHTIGKEIT UND VOLLST\u00c4NDIGKEIT DER AUF DIESEN WEBSEITEN BEREITGESTELLTEN INFORMATIONEN. DIES GILT AUCH F\u00dcR ALLE LINKS, AUF DIE DIREKT ODER INDIREKT VERWIESEN WIRD.<\/span><span  id=\"_mce_caret\" data-mce-bogus=\"1\" data-mce-type=\"format-caret\"><span  style=\"color: rgb(107, 124, 147);\">\ufeff<\/span><\/span><\/p> <\/div> <\/div><\/div> <\/div>","protected":false},"excerpt":{"rendered":"<p>F\u00dcR DEN INHALT VERANTWORTLICH: MICHAEL STIBOR HANDELSAGENTUR AM PICHL 46C 8605 KAPFENBERG AUSTRIA Tel.: +43 664 5158473 Fax: +43 316 2311233300 E-Mail: m.stibor@me.com ATU74353709 DER INHALT DIESER SEITEN DIENT NUR DER ALLGEMEINEN INFORMATION. ICH BEM\u00dcHE MICH, AUF MEINEM INTERNET-AUFTRITT RICHTIGE UND VOLLST\u00c4NDIGE INFORMATIONEN ZUR VERF\u00dcGUNG ZU STELLEN. ICH \u00dcBERNEHME KEINE HAFTUNG F\u00dcR HANDLUNGEN, DIE AUF&hellip; <br \/> <a class=\"read-more\" href=\"https:\/\/agentur-stibor.at\/index.php\/impressum\/\">Weiterlesen<\/a><\/p>\n","protected":false},"author":1,"featured_media":0,"parent":0,"menu_order":0,"comment_status":"closed","ping_status":"closed","template":"pro\/page-templates\/full-width-page.php","meta":{"footnotes":""},"class_list":["post-31","page","type-page","status-publish","hentry"],"yoast_head":"<!-- This site is optimized with the Yoast SEO plugin v23.3 - https:\/\/yoast.com\/wordpress\/plugins\/seo\/ -->\n<title>IMPRESSUM - Handelsagentur Stibor<\/title>\n<meta name=\"robots\" content=\"index, follow, max-snippet:-1, max-image-preview:large, max-video-preview:-1\" \/>\n<link rel=\"canonical\" href=\"https:\/\/agentur-stibor.at\/index.php\/impressum\/\" \/>\n<meta property=\"og:locale\" content=\"de_DE\" \/>\n<meta property=\"og:type\" content=\"article\" \/>\n<meta property=\"og:title\" content=\"IMPRESSUM - Handelsagentur Stibor\" \/>\n<meta property=\"og:description\" content=\"F\u00dcR DEN INHALT VERANTWORTLICH: MICHAEL STIBOR HANDELSAGENTUR AM PICHL 46C 8605 KAPFENBERG AUSTRIA Tel.: +43 664 5158473 Fax: +43 316 2311233300 E-Mail: m.stibor@me.com ATU74353709 DER INHALT DIESER SEITEN DIENT NUR DER ALLGEMEINEN INFORMATION. ICH BEM\u00dcHE MICH, AUF MEINEM INTERNET-AUFTRITT RICHTIGE UND VOLLST\u00c4NDIGE INFORMATIONEN ZUR VERF\u00dcGUNG ZU STELLEN. ICH \u00dcBERNEHME KEINE HAFTUNG F\u00dcR HANDLUNGEN, DIE AUF&hellip; Weiterlesen\" \/>\n<meta property=\"og:url\" content=\"https:\/\/agentur-stibor.at\/index.php\/impressum\/\" \/>\n<meta property=\"og:site_name\" content=\"Handelsagentur Stibor\" \/>\n<meta property=\"article:modified_time\" content=\"2024-08-06T12:57:56+00:00\" \/>\n<meta name=\"twitter:card\" content=\"summary_large_image\" \/>\n<script type=\"application\/ld+json\" class=\"yoast-schema-graph\">{\"@context\":\"https:\/\/schema.org\",\"@graph\":[{\"@type\":\"WebPage\",\"@id\":\"https:\/\/agentur-stibor.at\/index.php\/impressum\/\",\"url\":\"https:\/\/agentur-stibor.at\/index.php\/impressum\/\",\"name\":\"IMPRESSUM - Handelsagentur Stibor\",\"isPartOf\":{\"@id\":\"https:\/\/agentur-stibor.at\/#website\"},\"datePublished\":\"2024-07-04T17:59:56+00:00\",\"dateModified\":\"2024-08-06T12:57:56+00:00\",\"breadcrumb\":{\"@id\":\"https:\/\/agentur-stibor.at\/index.php\/impressum\/#breadcrumb\"},\"inLanguage\":\"de\",\"potentialAction\":[{\"@type\":\"ReadAction\",\"target\":[\"https:\/\/agentur-stibor.at\/index.php\/impressum\/\"]}]},{\"@type\":\"BreadcrumbList\",\"@id\":\"https:\/\/agentur-stibor.at\/index.php\/impressum\/#breadcrumb\",\"itemListElement\":[{\"@type\":\"ListItem\",\"position\":1,\"name\":\"Startseite\",\"item\":\"https:\/\/agentur-stibor.at\/\"},{\"@type\":\"ListItem\",\"position\":2,\"name\":\"IMPRESSUM\"}]},{\"@type\":\"WebSite\",\"@id\":\"https:\/\/agentur-stibor.at\/#website\",\"url\":\"https:\/\/agentur-stibor.at\/\",\"name\":\"Handelsagentur Stibor\",\"description\":\"\",\"publisher\":{\"@id\":\"https:\/\/agentur-stibor.at\/#organization\"},\"potentialAction\":[{\"@type\":\"SearchAction\",\"target\":{\"@type\":\"EntryPoint\",\"urlTemplate\":\"https:\/\/agentur-stibor.at\/?s={search_term_string}\"},\"query-input\":\"required name=search_term_string\"}],\"inLanguage\":\"de\"},{\"@type\":\"Organization\",\"@id\":\"https:\/\/agentur-stibor.at\/#organization\",\"name\":\"Handelsagentur Stibor\",\"url\":\"https:\/\/agentur-stibor.at\/\",\"logo\":{\"@type\":\"ImageObject\",\"inLanguage\":\"de\",\"@id\":\"https:\/\/agentur-stibor.at\/#\/schema\/logo\/image\/\",\"url\":\"https:\/\/agentur-stibor.at\/wp-content\/uploads\/2026\/01\/cropped-MS_Logo_klein.png\",\"contentUrl\":\"https:\/\/agentur-stibor.at\/wp-content\/uploads\/2026\/01\/cropped-MS_Logo_klein.png\",\"width\":218,\"height\":158,\"caption\":\"Handelsagentur Stibor\"},\"image\":{\"@id\":\"https:\/\/agentur-stibor.at\/#\/schema\/logo\/image\/\"}}]}<\/script>\n<!-- \/ Yoast SEO plugin. -->","yoast_head_json":{"title":"IMPRESSUM - Handelsagentur Stibor","robots":{"index":"index","follow":"follow","max-snippet":"max-snippet:-1","max-image-preview":"max-image-preview:large","max-video-preview":"max-video-preview:-1"},"canonical":"https:\/\/agentur-stibor.at\/index.php\/impressum\/","og_locale":"de_DE","og_type":"article","og_title":"IMPRESSUM - Handelsagentur Stibor","og_description":"F\u00dcR DEN INHALT VERANTWORTLICH: MICHAEL STIBOR HANDELSAGENTUR AM PICHL 46C 8605 KAPFENBERG AUSTRIA Tel.: +43 664 5158473 Fax: +43 316 2311233300 E-Mail: m.stibor@me.com ATU74353709 DER INHALT DIESER SEITEN DIENT NUR DER ALLGEMEINEN INFORMATION. ICH BEM\u00dcHE MICH, AUF MEINEM INTERNET-AUFTRITT RICHTIGE UND VOLLST\u00c4NDIGE INFORMATIONEN ZUR VERF\u00dcGUNG ZU STELLEN. ICH \u00dcBERNEHME KEINE HAFTUNG F\u00dcR HANDLUNGEN, DIE AUF&hellip; Weiterlesen","og_url":"https:\/\/agentur-stibor.at\/index.php\/impressum\/","og_site_name":"Handelsagentur Stibor","article_modified_time":"2024-08-06T12:57:56+00:00","twitter_card":"summary_large_image","schema":{"@context":"https:\/\/schema.org","@graph":[{"@type":"WebPage","@id":"https:\/\/agentur-stibor.at\/index.php\/impressum\/","url":"https:\/\/agentur-stibor.at\/index.php\/impressum\/","name":"IMPRESSUM - Handelsagentur Stibor","isPartOf":{"@id":"https:\/\/agentur-stibor.at\/#website"},"datePublished":"2024-07-04T17:59:56+00:00","dateModified":"2024-08-06T12:57:56+00:00","breadcrumb":{"@id":"https:\/\/agentur-stibor.at\/index.php\/impressum\/#breadcrumb"},"inLanguage":"de","potentialAction":[{"@type":"ReadAction","target":["https:\/\/agentur-stibor.at\/index.php\/impressum\/"]}]},{"@type":"BreadcrumbList","@id":"https:\/\/agentur-stibor.at\/index.php\/impressum\/#breadcrumb","itemListElement":[{"@type":"ListItem","position":1,"name":"Startseite","item":"https:\/\/agentur-stibor.at\/"},{"@type":"ListItem","position":2,"name":"IMPRESSUM"}]},{"@type":"WebSite","@id":"https:\/\/agentur-stibor.at\/#website","url":"https:\/\/agentur-stibor.at\/","name":"Handelsagentur Stibor","description":"","publisher":{"@id":"https:\/\/agentur-stibor.at\/#organization"},"potentialAction":[{"@type":"SearchAction","target":{"@type":"EntryPoint","urlTemplate":"https:\/\/agentur-stibor.at\/?s={search_term_string}"},"query-input":"required name=search_term_string"}],"inLanguage":"de"},{"@type":"Organization","@id":"https:\/\/agentur-stibor.at\/#organization","name":"Handelsagentur Stibor","url":"https:\/\/agentur-stibor.at\/","logo":{"@type":"ImageObject","inLanguage":"de","@id":"https:\/\/agentur-stibor.at\/#\/schema\/logo\/image\/","url":"https:\/\/agentur-stibor.at\/wp-content\/uploads\/2026\/01\/cropped-MS_Logo_klein.png","contentUrl":"https:\/\/agentur-stibor.at\/wp-content\/uploads\/2026\/01\/cropped-MS_Logo_klein.png","width":218,"height":158,"caption":"Handelsagentur Stibor"},"image":{"@id":"https:\/\/agentur-stibor.at\/#\/schema\/logo\/image\/"}}]}},"_links":{"self":[{"href":"https:\/\/agentur-stibor.at\/index.php\/wp-json\/wp\/v2\/pages\/31","targetHints":{"allow":["GET"]}}],"collection":[{"href":"https:\/\/agentur-stibor.at\/index.php\/wp-json\/wp\/v2\/pages"}],"about":[{"href":"https:\/\/agentur-stibor.at\/index.php\/wp-json\/wp\/v2\/types\/page"}],"author":[{"embeddable":true,"href":"https:\/\/agentur-stibor.at\/index.php\/wp-json\/wp\/v2\/users\/1"}],"replies":[{"embeddable":true,"href":"https:\/\/agentur-stibor.at\/index.php\/wp-json\/wp\/v2\/comments?post=31"}],"version-history":[{"count":16,"href":"https:\/\/agentur-stibor.at\/index.php\/wp-json\/wp\/v2\/pages\/31\/revisions"}],"predecessor-version":[{"id":907,"href":"https:\/\/agentur-stibor.at\/index.php\/wp-json\/wp\/v2\/pages\/31\/revisions\/907"}],"wp:attachment":[{"href":"https:\/\/agentur-stibor.at\/index.php\/wp-json\/wp\/v2\/media?parent=31"}],"curies":[{"name":"wp","href":"https:\/\/api.w.org\/{rel}","templated":true}]}}